{"id":431,"date":"2023-10-17T08:18:11","date_gmt":"2023-10-17T06:18:11","guid":{"rendered":"https:\/\/welcometotelemark.no\/welcome\/"},"modified":"2024-08-14T14:58:46","modified_gmt":"2024-08-14T12:58:46","slug":"welcome","status":"publish","type":"page","link":"https:\/\/welcometotelemark.no\/en\/","title":{"rendered":"Welcome!"},"content":{"rendered":"<section class=\"wp-block-fronthero h-auto min-h-[60vh] relative fullwidth flex justify-start items-center bg-primary\">\n            <div\n            class=\"inner-wrap z-10 px-0 md:px-20 w-full flex justify-left content-left mx-auto relative h-screen\">\n            <div class=\"z-10 px-10 md:px-0 py-8 md:py-12 h-auto w-full max-w-xl relative self-end mb-20\">\n                <h1 class=\"text-white text-4xl md:text-6xl font-bold mb-6\">\n                    We help you to shop locally<\/h1>\n                                    <p class=\"text-white text-2xl md:text-3xl\">Welcome to Telemark is a portal and a network where you can find businesses with various expertise to meet your needs.<\/p>\n                \n                <div class=\"flex gap-5 flex-wrap\">\n                                                        <\/div>\n            <\/div>\n        <\/div>\n        <div class=\"bg-gradient-to-b from-transparent to-neutral-900 opacity-75 w-full h-full absolute top-0 left-0 z-[1]\"><\/div>\n             \n            \n        <video autoplay muted loop playsinline preload='auto' class='object-cover absolute top-0 center-0 w-full h-full  object-center-center z-0' poster='https:\/\/welcometotelemark.no\/wp-content\/uploads\/2024\/06\/welcome_to_telemark_poster.jpg'>\n        <source src='https:\/\/welcometotelemark.no\/wp-content\/uploads\/2024\/06\/Film_Google_comp.mp4' type='video\/mp4'\/>\n        <\/video>\n            <\/section>\n\n\n\n<div style=\"height:0px\" aria-hidden=\"true\" class=\"wp-block-spacer\"><\/div>\n\n\n\n<div style=\"height:30px\" aria-hidden=\"true\" class=\"wp-block-spacer\"><\/div>\n\n\n\n<h2 class=\"wp-block-heading has-text-align-center\"><strong>Everything you need is right here<\/strong><\/h2>\n\n\n\n<div style=\"height:20px\" aria-hidden=\"true\" class=\"wp-block-spacer\"><\/div>\n\n\n\n<p class=\"has-text-align-center\">Shopping locally has never been easier. Welcome to Telemark! Here we have assembled a strong team of businesses covering most needs within technology, industry, entrepreneurship, and much more.<\/p>\n\n\n\n<div style=\"height:40px\" aria-hidden=\"true\" class=\"wp-block-spacer\"><\/div>\n\n\n\n<div class=\"wp-block-buttons is-content-justification-center is-layout-flex wp-container-core-buttons-is-layout-1 wp-block-buttons-is-layout-flex\">\n<div class=\"wp-block-button\"><a class=\"wp-block-button__link wp-element-button\" href=\"https:\/\/welcometotelemark.no\/en\/companies\/\">Find companies<\/a><\/div>\n<\/div>\n\n\n\n<div style=\"height:40px\" aria-hidden=\"true\" class=\"wp-block-spacer\"><\/div>\n\n\n\n<div style=\"height:0px\" aria-hidden=\"true\" class=\"wp-block-spacer\"><\/div>\n\n\n\n<div style=\"height:40px\" aria-hidden=\"true\" class=\"wp-block-spacer\"><\/div>\n\n\n<section class=\"wp-block-news py-10 fullwidth 2xl:px-2\">\n    <h2 class=\"px-6 max-w-content-full mb-12 font-display text-4xl md:text-5xl m-auto text-center\">News<\/h2>\n    <div class=\"max-w-content-full grid grid-cols-1 md:grid-cols-2  lg:grid-cols-3  gap-8 px-10 sm:px-10 2xl:px-2 items-stretch mx-auto\">\n            <article class=\"w-full h-full relative flex items-stretch flex-col cursor-pointer\">\n        <a class=\"group flex flex-col items-stretch relative h-full gap-y-6 cursor-pointer\" href=\"https:\/\/welcometotelemark.no\/den-lokale-dorapneren\/\" title=\"Les mer om Den lokale d\u00f8r\u00e5pneren\">\n              <div class=\"news-top-half w-full aspect-w-3 aspect-h-2 overflow-hidden\">\n                  <img loading=\"lazy\" decoding=\"async\" width=\"1600\" height=\"1067\" src=\"https:\/\/welcometotelemark.no\/wp-content\/uploads\/2024\/08\/batne-den-lokale-doeraapneren-fi-1600x1067.jpg\" class=\"transition duration-500 object-cover w-full !h-full object-center z-0 group-hover:scale-110 group-focus-visible:scale-110\" alt=\"test\" srcset=\"https:\/\/welcometotelemark.no\/wp-content\/uploads\/2024\/08\/batne-den-lokale-doeraapneren-fi-1600x1067.jpg 1600w, https:\/\/welcometotelemark.no\/wp-content\/uploads\/2024\/08\/batne-den-lokale-doeraapneren-fi-480x320.jpg 480w, https:\/\/welcometotelemark.no\/wp-content\/uploads\/2024\/08\/batne-den-lokale-doeraapneren-fi-960x640.jpg 960w\" sizes=\"auto, (max-width: 1600px) 100vw, 1600px\" \/>\n              <\/div>\n             \n              <div class=\"group news-bottom-half bg-folkeligbeige h-full\">\n                  <h1 class=\"news-header text-2xl lg:text-3xl text-primary mb-3 \">Den lokale d\u00f8r\u00e5pneren<\/h1>\n                  <p class=\"news-text text-primary mt-4 mb-2\">Med solid erfaring, et bredt nettverk og sterke kunderelasjoner, er Batne n\u00f8kkelen til gode ansettelser for b\u00e5de kunder og kandidater i Telemark og Vestfold. \u00abN\u00e5 har vi foten p\u00e5 gasspedalen\u00bb, sier eierne Stig A. G\u00e5re Andresen og Laila M. H\u00e5konsen<\/p>\n              <\/div>\n        <\/a>\n        <\/article>\n            <article class=\"w-full h-full relative flex items-stretch flex-col cursor-pointer\">\n        <a class=\"group flex flex-col items-stretch relative h-full gap-y-6 cursor-pointer\" href=\"https:\/\/welcometotelemark.no\/elektro4-satser-sterkt-pa-svakstrom\/\" title=\"Les mer om Elektro4 satser sterkt p\u00e5 svakstr\u00f8m\">\n              <div class=\"news-top-half w-full aspect-w-3 aspect-h-2 overflow-hidden\">\n                  <img loading=\"lazy\" decoding=\"async\" width=\"1600\" height=\"1067\" src=\"https:\/\/welcometotelemark.no\/wp-content\/uploads\/2024\/08\/eletro4-aleksander-bjerke-hagen-fi-1600x1067.jpg\" class=\"transition duration-500 object-cover w-full !h-full object-center z-0 group-hover:scale-110 group-focus-visible:scale-110\" alt=\"elektro4-aleksander-bjerke-hagen-\" srcset=\"https:\/\/welcometotelemark.no\/wp-content\/uploads\/2024\/08\/eletro4-aleksander-bjerke-hagen-fi-1600x1067.jpg 1600w, https:\/\/welcometotelemark.no\/wp-content\/uploads\/2024\/08\/eletro4-aleksander-bjerke-hagen-fi-480x320.jpg 480w, https:\/\/welcometotelemark.no\/wp-content\/uploads\/2024\/08\/eletro4-aleksander-bjerke-hagen-fi-960x640.jpg 960w\" sizes=\"auto, (max-width: 1600px) 100vw, 1600px\" \/>\n              <\/div>\n             \n              <div class=\"group news-bottom-half bg-folkeligbeige h-full\">\n                  <h1 class=\"news-header text-2xl lg:text-3xl text-primary mb-3 \">Elektro4 satser sterkt p\u00e5 svakstr\u00f8m<\/h1>\n                  <p class=\"news-text text-primary mt-4 mb-2\">\u00abVi merker \u00f8kt p\u00e5gang og kan glede oss over flere store rammeavtaler, mange faste kunder og \u00f8kt tilstr\u00f8mming av nye\u00bb, sier Andreas V. Sterner, Markedssjef\/Innkj\u00f8p i Elektro4. N\u00e5 er den lokale bedriften p\u00e5 jakt etter flere flinke folk. <\/p>\n              <\/div>\n        <\/a>\n        <\/article>\n            <article class=\"w-full h-full relative flex items-stretch flex-col cursor-pointer\">\n        <a class=\"group flex flex-col items-stretch relative h-full gap-y-6 cursor-pointer\" href=\"https:\/\/welcometotelemark.no\/mathuset-leverer-catering-til-google-siten-en-avtale-som-smaker-godt\/\" title=\"Les mer om Mathuset leverer catering til Google-siten: \u2013 en avtale som smaker godt\">\n              <div class=\"news-top-half w-full aspect-w-3 aspect-h-2 overflow-hidden\">\n                  <img loading=\"lazy\" decoding=\"async\" width=\"1600\" height=\"1067\" src=\"https:\/\/welcometotelemark.no\/wp-content\/uploads\/2024\/04\/mathuset-welcome-to-telemark-bordekking-fi-1600x1067.jpg\" class=\"transition duration-500 object-cover w-full !h-full object-center z-0 group-hover:scale-110 group-focus-visible:scale-110\" alt=\"mathuset welcome to telemark bordekking google\" srcset=\"https:\/\/welcometotelemark.no\/wp-content\/uploads\/2024\/04\/mathuset-welcome-to-telemark-bordekking-fi-1600x1067.jpg 1600w, https:\/\/welcometotelemark.no\/wp-content\/uploads\/2024\/04\/mathuset-welcome-to-telemark-bordekking-fi-480x320.jpg 480w, https:\/\/welcometotelemark.no\/wp-content\/uploads\/2024\/04\/mathuset-welcome-to-telemark-bordekking-fi-960x640.jpg 960w\" sizes=\"auto, (max-width: 1600px) 100vw, 1600px\" \/>\n              <\/div>\n             \n              <div class=\"group news-bottom-half bg-folkeligbeige h-full\">\n                  <h1 class=\"news-header text-2xl lg:text-3xl text-primary mb-3 \">Mathuset leverer catering til Google-siten: \u2013 en avtale som smaker godt<\/h1>\n                  <p class=\"news-text text-primary mt-4 mb-2\">Mathuset, et cateringfirma med egne selskapslokaler og spiseri i Sliperiveien p\u00e5 Myren. Siden februar har de levert frokost, lunsj og middag til anleggsarbeiderne p\u00e5 Gromstul; en avtale som smaker godt for daglig leder Kay Kittelsen.<\/p>\n              <\/div>\n        <\/a>\n        <\/article>\n          <\/div>\n    <div>\n      \n\n<div style=\"height:30px\" aria-hidden=\"true\" class=\"wp-block-spacer\"><\/div>\n\n\n\n<div class=\"wp-block-buttons is-content-justification-center is-layout-flex wp-container-core-buttons-is-layout-2 wp-block-buttons-is-layout-flex\">\n<div class=\"wp-block-button\"><a class=\"wp-block-button__link wp-element-button\" href=\"https:\/\/welcometotelemark.no\/en\/news\/\">Visit the archive<\/a><\/div>\n<\/div>\n\n\n    <\/div>\n  <\/section>\n  \n\n\n\n<div style=\"height:100px\" aria-hidden=\"true\" class=\"wp-block-spacer\"><\/div>\n","protected":false},"excerpt":{"rendered":"<p>Everything you need is right here Shopping locally has never been easier. Welcome to Telemark! Here we have assembled a strong team of businesses covering most needs within technology, industry, entrepreneurship, and much more.<\/p>\n","protected":false},"author":1,"featured_media":0,"parent":0,"menu_order":0,"comment_status":"closed","ping_status":"open","template":"","meta":{"_acf_changed":false,"footnotes":""},"class_list":["post-431","page","type-page","status-publish","hentry"],"acf":[],"_links":{"self":[{"href":"https:\/\/welcometotelemark.no\/en\/wp-json\/wp\/v2\/pages\/431","targetHints":{"allow":["GET"]}}],"collection":[{"href":"https:\/\/welcometotelemark.no\/en\/wp-json\/wp\/v2\/pages"}],"about":[{"href":"https:\/\/welcometotelemark.no\/en\/wp-json\/wp\/v2\/types\/page"}],"author":[{"embeddable":true,"href":"https:\/\/welcometotelemark.no\/en\/wp-json\/wp\/v2\/users\/1"}],"replies":[{"embeddable":true,"href":"https:\/\/welcometotelemark.no\/en\/wp-json\/wp\/v2\/comments?post=431"}],"version-history":[{"count":40,"href":"https:\/\/welcometotelemark.no\/en\/wp-json\/wp\/v2\/pages\/431\/revisions"}],"predecessor-version":[{"id":1130,"href":"https:\/\/welcometotelemark.no\/en\/wp-json\/wp\/v2\/pages\/431\/revisions\/1130"}],"wp:attachment":[{"href":"https:\/\/welcometotelemark.no\/en\/wp-json\/wp\/v2\/media?parent=431"}],"curies":[{"name":"wp","href":"https:\/\/api.w.org\/{rel}","templated":true}]}}